{"id":4771,"date":"2020-09-19T11:24:24","date_gmt":"2020-09-19T07:54:24","guid":{"rendered":"https:\/\/delvanbeautybar.com\/randevu-al\/"},"modified":"2024-07-26T20:15:49","modified_gmt":"2024-07-26T16:45:49","slug":"randevu-al","status":"publish","type":"page","link":"https:\/\/delvanbeautybar.com\/tr\/randevu-al\/","title":{"rendered":"Randevu Al"},"content":{"rendered":"\t\t<div data-elementor-type=\"wp-page\" data-elementor-id=\"4771\" class=\"elementor elementor-4771\">\n\t\t\t\t\t\t<section class=\"elementor-section elementor-top-section elementor-element elementor-element-fbe7ab7 elementor-section-full_width elementor-section-height-default elementor-section-height-default\" data-id=\"fbe7ab7\" data-element_type=\"section\" data-e-type=\"section\">\n\t\t\t\t\t\t<div class=\"elementor-container elementor-column-gap-default\">\n\t\t\t\t\t<div class=\"elementor-column elementor-col-100 elementor-top-column elementor-element elementor-element-9fcefb7\" data-id=\"9fcefb7\" data-element_type=\"column\" data-e-type=\"column\">\n\t\t\t<div class=\"elementor-widget-wrap elementor-element-populated\">\n\t\t\t\t\t\t<div class=\"elementor-element elementor-element-1d51a52 elementor-widget elementor-widget-art-ordinary-page-header\" data-id=\"1d51a52\" data-element_type=\"widget\" data-e-type=\"widget\" data-widget_type=\"art-ordinary-page-header.default\">\n\t\t\t\t<div class=\"elementor-widget-container\">\n\t\t\t\t\t\r\n\t\t<div class=\"art-ordinary-page-header\" style=\"background-image:url(https:\/\/firstsight.design\/cherie\/beauty\/wp-content\/uploads\/2020\/07\/Our-Story-Hero.png)\">\r\n\r\n\t\t\t<div class=\"container\">\r\n\r\n\t\t\t\t<div class=\"art-ordinary-page-data\" style=\"text-align:center\">\r\n\r\n\t\t\t\t\t<h1 class=\"art-page-header-title\">Book Appointment<\/h1>\r\n\r\n                    \r\n\t\t\t\t<\/div>\r\n\r\n\t\t\t<\/div>\r\n\r\n\t\t<\/div>\r\n\r\n\t\t\t\t\t\t<\/div>\n\t\t\t\t<\/div>\n\t\t\t\t\t<\/div>\n\t\t<\/div>\n\t\t\t\t\t<\/div>\n\t\t<\/section>\n\t\t\t\t<section class=\"elementor-section elementor-top-section elementor-element elementor-element-9e08ba1 elementor-section-boxed elementor-section-height-default elementor-section-height-default\" data-id=\"9e08ba1\" data-element_type=\"section\" data-e-type=\"section\">\n\t\t\t\t\t\t<div class=\"elementor-container elementor-column-gap-default\">\n\t\t\t\t\t<div class=\"elementor-column elementor-col-66 elementor-top-column elementor-element elementor-element-9798258\" data-id=\"9798258\" data-element_type=\"column\" data-e-type=\"column\">\n\t\t\t<div class=\"elementor-widget-wrap elementor-element-populated\">\n\t\t\t\t\t\t<div class=\"elementor-element elementor-element-17a72e2 elementor-hidden-desktop elementor-hidden-tablet elementor-hidden-mobile elementor-widget elementor-widget-shortcode\" data-id=\"17a72e2\" data-element_type=\"widget\" data-e-type=\"widget\" data-widget_type=\"shortcode.default\">\n\t\t\t\t<div class=\"elementor-widget-container\">\n\t\t\t\t\t\t\t<div class=\"elementor-shortcode\">\n<script>\n  if (typeof hasAmeliaEntitiesApiCall === 'undefined' && '' === '') {\n    var hasAmeliaEntitiesApiCall = true;\n  }\n  var ameliaShortcodeData = (typeof ameliaShortcodeData === 'undefined') ? [] : ameliaShortcodeData;\n  ameliaShortcodeData.push(\n    {\n      'hasApiCall': (typeof hasAmeliaEntitiesApiCall !== 'undefined') && hasAmeliaEntitiesApiCall,\n      'trigger': '',\n      'trigger_type': '',\n      'triggered_form': 'sbsNew',\n      'in_dialog': '',\n      'show': '',\n      'counter': '1000',\n      'category': '',\n      'service': '',\n      'employee': '',\n      'location': '',\n      'package': ''\n    }\n  );\n\n  var ameliaShortcodeDataTriggered = (typeof ameliaShortcodeDataTriggered === 'undefined') ? [] : ameliaShortcodeDataTriggered;\n  if (ameliaShortcodeData[ameliaShortcodeData.length - 1].trigger !== '') {\n    if (ameliaShortcodeDataTriggered.filter(a => a.counter === ameliaShortcodeData[ameliaShortcodeData.length - 1].counter).length === 0) {\n      ameliaShortcodeDataTriggered.push(ameliaShortcodeData.pop());\n    } else {\n      ameliaShortcodeData.pop()\n    }\n  }\n  if (typeof hasAmeliaEntitiesApiCall !== 'undefined' && hasAmeliaEntitiesApiCall) {\n    hasAmeliaEntitiesApiCall = false;\n  }\n<\/script>\n\n<div\n  id=\"amelia-v2-booking-1000\"\n  class=\"amelia-v2-booking\"\n >\n    <step-form-wrapper><\/step-form-wrapper><\/div>\n<\/div>\n\t\t\t\t\t\t<\/div>\n\t\t\t\t<\/div>\n\t\t\t\t<div class=\"elementor-element elementor-element-04b8d88 elementor-widget elementor-widget-html\" data-id=\"04b8d88\" data-element_type=\"widget\" data-e-type=\"widget\" data-widget_type=\"html.default\">\n\t\t\t\t<div class=\"elementor-widget-container\">\n\t\t\t\t\t<iframe src=\"https:\/\/kolayrandevu.com\/isletme\/delvan-beauty-bar?website=1\" width=\"800\" height=\"1500\"><\/iframe>\t\t\t\t<\/div>\n\t\t\t\t<\/div>\n\t\t\t\t\t<\/div>\n\t\t<\/div>\n\t\t\t\t<div class=\"elementor-column elementor-col-33 elementor-top-column elementor-element elementor-element-f3d3e54\" data-id=\"f3d3e54\" data-element_type=\"column\" data-e-type=\"column\">\n\t\t\t<div class=\"elementor-widget-wrap elementor-element-populated\">\n\t\t\t\t\t\t<div class=\"elementor-element elementor-element-5e286a9 elementor-widget elementor-widget-contact-info-vertical\" data-id=\"5e286a9\" data-element_type=\"widget\" data-e-type=\"widget\" data-widget_type=\"contact-info-vertical.default\">\n\t\t\t\t<div class=\"elementor-widget-container\">\n\t\t\t\t\t\r\n            <div class=\"art-contact-info-widget art-vertical\">\r\n                                    <div class=\"col-12 art-item\">\r\n                        <div class=\"art-icon\"><svg xmlns=\"http:\/\/www.w3.org\/2000\/svg\" width=\"48\" height=\"48\" viewBox=\"0 0 48 48\" fill=\"none\"><rect x=\"11.5\" y=\"2.5\" width=\"24\" height=\"43\" rx=\"1.5\" fill=\"#F6EBE7\" stroke=\"black\"><\/rect><rect x=\"20\" y=\"7\" width=\"7\" height=\"1\" fill=\"black\"><\/rect><circle cx=\"23.5\" cy=\"39.5\" r=\"1.5\" fill=\"black\"><\/circle><\/svg><\/div>\r\n                        <h6 class=\"art-title\">\u0130leti\u015fim<\/h6>\r\n                        <div class=\"art-description art-body-two-font\"><p>T:\u00a0<span aria-label=\"Call phone number 0552 665 55 22\">0552 665 55 22<\/span><br \/>info@delvanbeautybar.com<\/p><\/div>\r\n                    <\/div>\r\n                                    <div class=\"col-12 art-item\">\r\n                        <div class=\"art-icon\"><svg xmlns=\"http:\/\/www.w3.org\/2000\/svg\" width=\"48\" height=\"48\" viewBox=\"0 0 48 48\" fill=\"none\"><circle cx=\"24.5\" cy=\"24.5\" r=\"19\" fill=\"#F6EBE7\" stroke=\"black\"><\/circle><path d=\"M24 12.5V25.5L30 31.5\" stroke=\"black\"><\/path><\/svg><\/div>\r\n                        <h6 class=\"art-title\">\u00c7al\u0131\u015fma Saatleri<\/h6>\r\n                        <div class=\"art-description art-body-two-font\"><p>Pazartesi - Cmt: 10:00 - 19:00 <br \/>Paz: Kapal\u0131<\/p><\/div>\r\n                    <\/div>\r\n                                    <div class=\"col-12 art-item\">\r\n                        <div class=\"art-icon\"><svg xmlns=\"http:\/\/www.w3.org\/2000\/svg\" width=\"48\" height=\"48\" viewBox=\"0 0 48 48\" fill=\"none\"><path d=\"M39.5 18.5C39.5 22.9086 37.6893 26.8697 34.714 31.1637C32.7635 33.9788 30.3434 36.8965 27.6388 40.1573C26.3183 41.7493 24.93 43.4232 23.4953 45.2068C22.2962 43.7506 21.1349 42.3668 20.022 41.0407C16.9832 37.4197 14.3051 34.2285 12.2027 31.1656C9.2574 26.8745 7.5 22.9121 7.5 18.5C7.5 9.66344 14.6634 2.5 23.5 2.5C32.3366 2.5 39.5 9.66344 39.5 18.5Z\" fill=\"#F6EBE7\" stroke=\"black\"><\/path><circle cx=\"23.5\" cy=\"17.5\" r=\"6\" fill=\"white\" stroke=\"black\"><\/circle><\/svg><\/div>\r\n                        <h6 class=\"art-title\">Konum<\/h6>\r\n                        <div class=\"art-description art-body-two-font\"><p>Kozyata\u011f\u0131<br \/>Lemi Atl\u0131 Sk. 5A, 34742<br \/>Kad\u0131k\u00f6y\/\u0130stanbul<\/p><\/div>\r\n                    <\/div>\r\n                            <\/div>\r\n\r\n        \t\t\t\t<\/div>\n\t\t\t\t<\/div>\n\t\t\t\t\t<\/div>\n\t\t<\/div>\n\t\t\t\t\t<\/div>\n\t\t<\/section>\n\t\t\t\t<\/div>\n\t\t","protected":false},"excerpt":{"rendered":"","protected":false},"author":1,"featured_media":0,"parent":0,"menu_order":0,"comment_status":"closed","ping_status":"closed","template":"elementor-template.php","meta":{"_acf_changed":false,"inline_featured_image":false,"footnotes":""},"class_list":["post-4771","page","type-page","status-publish","hentry"],"acf":[],"_links":{"self":[{"href":"https:\/\/delvanbeautybar.com\/tr\/wp-json\/wp\/v2\/pages\/4771","targetHints":{"allow":["GET"]}}],"collection":[{"href":"https:\/\/delvanbeautybar.com\/tr\/wp-json\/wp\/v2\/pages"}],"about":[{"href":"https:\/\/delvanbeautybar.com\/tr\/wp-json\/wp\/v2\/types\/page"}],"author":[{"embeddable":true,"href":"https:\/\/delvanbeautybar.com\/tr\/wp-json\/wp\/v2\/users\/1"}],"replies":[{"embeddable":true,"href":"https:\/\/delvanbeautybar.com\/tr\/wp-json\/wp\/v2\/comments?post=4771"}],"version-history":[{"count":7,"href":"https:\/\/delvanbeautybar.com\/tr\/wp-json\/wp\/v2\/pages\/4771\/revisions"}],"predecessor-version":[{"id":4917,"href":"https:\/\/delvanbeautybar.com\/tr\/wp-json\/wp\/v2\/pages\/4771\/revisions\/4917"}],"wp:attachment":[{"href":"https:\/\/delvanbeautybar.com\/tr\/wp-json\/wp\/v2\/media?parent=4771"}],"curies":[{"name":"wp","href":"https:\/\/api.w.org\/{rel}","templated":true}]}}